{"id":830,"date":"2025-06-05T10:21:18","date_gmt":"2025-06-05T10:21:18","guid":{"rendered":"http:\/\/uccbr.com\/?page_id=830"},"modified":"2025-06-05T11:40:26","modified_gmt":"2025-06-05T11:40:26","slug":"news","status":"publish","type":"page","link":"https:\/\/uccbr.com\/?page_id=830","title":{"rendered":"NEWS"},"content":{"rendered":"\t\t<div data-elementor-type=\"wp-page\" data-elementor-id=\"830\" class=\"elementor elementor-830\">\n\t\t\t\t\t\t\t\t\t<section class=\"elementor-section elementor-top-section elementor-element elementor-element-763a0e5 elementor-section-boxed elementor-section-height-default elementor-section-height-default\" data-id=\"763a0e5\" data-element_type=\"section\">\n\t\t\t\t\t\t<div class=\"elementor-container elementor-column-gap-default\">\n\t\t\t\t\t<div class=\"elementor-column elementor-col-100 elementor-top-column elementor-element elementor-element-c768cba\" data-id=\"c768cba\" data-element_type=\"column\">\n\t\t\t<div class=\"elementor-widget-wrap elementor-element-populated\">\n\t\t\t\t\t\t\t\t<div class=\"elementor-element elementor-element-e31a5c8 elementor-widget elementor-widget-heading\" data-id=\"e31a5c8\" data-element_type=\"widget\" data-widget_type=\"heading.default\">\n\t\t\t\t<div class=\"elementor-widget-container\">\n\t\t\t<style>\/*! elementor - v3.14.0 - 18-06-2023 *\/\n.elementor-heading-title{padding:0;margin:0;line-height:1}.elementor-widget-heading .elementor-heading-title[class*=elementor-size-]>a{color:inherit;font-size:inherit;line-height:inherit}.elementor-widget-heading .elementor-heading-title.elementor-size-small{font-size:15px}.elementor-widget-heading .elementor-heading-title.elementor-size-medium{font-size:19px}.elementor-widget-heading .elementor-heading-title.elementor-size-large{font-size:29px}.elementor-widget-heading .elementor-heading-title.elementor-size-xl{font-size:39px}.elementor-widget-heading .elementor-heading-title.elementor-size-xxl{font-size:59px}<\/style><h2 class=\"elementor-heading-title elementor-size-default\">Comunicat de pres\u0103<\/h2>\t\t<\/div>\n\t\t\t\t<\/div>\n\t\t\t\t\t<\/div>\n\t\t<\/div>\n\t\t\t\t\t\t\t<\/div>\n\t\t<\/section>\n\t\t\t\t<section class=\"elementor-section elementor-top-section elementor-element elementor-element-28f7e18 elementor-section-boxed elementor-section-height-default elementor-section-height-default\" data-id=\"28f7e18\" data-element_type=\"section\">\n\t\t\t\t\t\t<div class=\"elementor-container elementor-column-gap-default\">\n\t\t\t\t\t<div class=\"elementor-column elementor-col-100 elementor-top-column elementor-element elementor-element-846f0eb\" data-id=\"846f0eb\" data-element_type=\"column\">\n\t\t\t<div class=\"elementor-widget-wrap\">\n\t\t\t\t\t\t\t\t\t<\/div>\n\t\t<\/div>\n\t\t\t\t\t\t\t<\/div>\n\t\t<\/section>\n\t\t\t\t<section class=\"elementor-section elementor-top-section elementor-element elementor-element-6991553 elementor-section-boxed elementor-section-height-default elementor-section-height-default\" data-id=\"6991553\" data-element_type=\"section\">\n\t\t\t\t\t\t<div class=\"elementor-container elementor-column-gap-default\">\n\t\t\t\t\t<div class=\"elementor-column elementor-col-100 elementor-top-column elementor-element elementor-element-5885162\" data-id=\"5885162\" data-element_type=\"column\">\n\t\t\t<div class=\"elementor-widget-wrap elementor-element-populated\">\n\t\t\t\t\t\t\t\t<div class=\"elementor-element elementor-element-3dfee1d elementor-arrows-position-inside elementor-pagination-position-outside elementor-widget elementor-widget-image-carousel\" data-id=\"3dfee1d\" data-element_type=\"widget\" data-settings=\"{&quot;navigation&quot;:&quot;both&quot;,&quot;autoplay&quot;:&quot;yes&quot;,&quot;pause_on_hover&quot;:&quot;yes&quot;,&quot;pause_on_interaction&quot;:&quot;yes&quot;,&quot;autoplay_speed&quot;:5000,&quot;infinite&quot;:&quot;yes&quot;,&quot;speed&quot;:500}\" data-widget_type=\"image-carousel.default\">\n\t\t\t\t<div class=\"elementor-widget-container\">\n\t\t\t<style>\/*! elementor - v3.14.0 - 18-06-2023 *\/\n.elementor-widget-image-carousel .swiper,.elementor-widget-image-carousel .swiper-container{position:static}.elementor-widget-image-carousel .swiper-container .swiper-slide figure,.elementor-widget-image-carousel .swiper .swiper-slide figure{line-height:inherit}.elementor-widget-image-carousel .swiper-slide{text-align:center}.elementor-image-carousel-wrapper:not(.swiper-container-initialized):not(.swiper-initialized) .swiper-slide{max-width:calc(100% \/ var(--e-image-carousel-slides-to-show, 3))}<\/style>\t\t<div class=\"elementor-image-carousel-wrapper swiper\" dir=\"ltr\">\n\t\t\t<div class=\"elementor-image-carousel swiper-wrapper\" aria-live=\"off\">\n\t\t\t\t\t\t\t\t<div class=\"swiper-slide\" role=\"group\" aria-roledescription=\"slide\" aria-label=\"1 of 6\"><figure class=\"swiper-slide-inner\"><img decoding=\"async\" class=\"swiper-slide-image\" src=\"https:\/\/uccbr.com\/wp-content\/uploads\/2025\/06\/WhatsApp-Image-2025-06-05-at-13.50.22-1.jpeg\" alt=\"WhatsApp Image 2025-06-05 at 13.50.22 (1)\" \/><\/figure><\/div><div class=\"swiper-slide\" role=\"group\" aria-roledescription=\"slide\" aria-label=\"2 of 6\"><figure class=\"swiper-slide-inner\"><img decoding=\"async\" class=\"swiper-slide-image\" src=\"https:\/\/uccbr.com\/wp-content\/uploads\/2025\/06\/WhatsApp-Image-2025-06-05-at-13.50.22.jpeg\" alt=\"WhatsApp Image 2025-06-05 at 13.50.22\" \/><\/figure><\/div><div class=\"swiper-slide\" role=\"group\" aria-roledescription=\"slide\" aria-label=\"3 of 6\"><figure class=\"swiper-slide-inner\"><img decoding=\"async\" class=\"swiper-slide-image\" src=\"https:\/\/uccbr.com\/wp-content\/uploads\/2025\/06\/WhatsApp-Image-2025-06-05-at-13.50.22-2.jpeg\" alt=\"WhatsApp Image 2025-06-05 at 13.50.22 (2)\" \/><\/figure><\/div><div class=\"swiper-slide\" role=\"group\" aria-roledescription=\"slide\" aria-label=\"4 of 6\"><figure class=\"swiper-slide-inner\"><img decoding=\"async\" class=\"swiper-slide-image\" src=\"https:\/\/uccbr.com\/wp-content\/uploads\/2025\/06\/WhatsApp-Image-2025-06-05-at-14.30.10.jpeg\" alt=\"WhatsApp Image 2025-06-05 at 14.30.10\" \/><\/figure><\/div><div class=\"swiper-slide\" role=\"group\" aria-roledescription=\"slide\" aria-label=\"5 of 6\"><figure class=\"swiper-slide-inner\"><img decoding=\"async\" class=\"swiper-slide-image\" src=\"https:\/\/uccbr.com\/wp-content\/uploads\/2025\/06\/WhatsApp-Image-2025-06-05-at-13.50.22-3.jpeg\" alt=\"WhatsApp Image 2025-06-05 at 13.50.22 (3)\" \/><\/figure><\/div><div class=\"swiper-slide\" role=\"group\" aria-roledescription=\"slide\" aria-label=\"6 of 6\"><figure class=\"swiper-slide-inner\"><img decoding=\"async\" class=\"swiper-slide-image\" src=\"https:\/\/uccbr.com\/wp-content\/uploads\/2025\/06\/WhatsApp-Image-2025-06-05-at-14.39.12.jpeg\" alt=\"WhatsApp Image 2025-06-05 at 14.39.12\" \/><\/figure><\/div>\t\t\t<\/div>\n\t\t\t\t\t\t\t\t\t\t\t\t<div class=\"elementor-swiper-button elementor-swiper-button-prev\" role=\"button\" tabindex=\"0\">\n\t\t\t\t\t\t<i aria-hidden=\"true\" class=\"eicon-chevron-left\"><\/i>\t\t\t\t\t<\/div>\n\t\t\t\t\t<div class=\"elementor-swiper-button elementor-swiper-button-next\" role=\"button\" tabindex=\"0\">\n\t\t\t\t\t\t<i aria-hidden=\"true\" class=\"eicon-chevron-right\"><\/i>\t\t\t\t\t<\/div>\n\t\t\t\t\n\t\t\t\t\t\t\t\t\t<div class=\"swiper-pagination\"><\/div>\n\t\t\t\t\t\t\t\t\t<\/div>\n\t\t\t\t<\/div>\n\t\t\t\t<\/div>\n\t\t\t\t<div class=\"elementor-element elementor-element-3b23ed8 elementor-widget__width-initial elementor-widget elementor-widget-text-editor\" data-id=\"3b23ed8\" data-element_type=\"widget\" data-widget_type=\"text-editor.default\">\n\t\t\t\t<div class=\"elementor-widget-container\">\n\t\t\t<style>\/*! elementor - v3.14.0 - 18-06-2023 *\/\n.elementor-widget-text-editor.elementor-drop-cap-view-stacked .elementor-drop-cap{background-color:#69727d;color:#fff}.elementor-widget-text-editor.elementor-drop-cap-view-framed .elementor-drop-cap{color:#69727d;border:3px solid;background-color:transparent}.elementor-widget-text-editor:not(.elementor-drop-cap-view-default) .elementor-drop-cap{margin-top:8px}.elementor-widget-text-editor:not(.elementor-drop-cap-view-default) .elementor-drop-cap-letter{width:1em;height:1em}.elementor-widget-text-editor .elementor-drop-cap{float:left;text-align:center;line-height:1;font-size:50px}.elementor-widget-text-editor .elementor-drop-cap-letter{display:inline-block}<\/style>\t\t\t\t<p><i><span style=\"font-weight: 400;\">Bucure\u0219ti, 5 iunie 2025<\/span><\/i><span style=\"font-weight: 400;\"> &#8211; Uniunea Camerelor de Comer\u021b Bilaterale din Rom\u00e2nia (UCCBR) transmite felicit\u0103ri pentru organizarea evenimentului <\/span><b>INRO Business Summit 2025<\/b><span style=\"font-weight: 400;\">, de c\u0103tre <\/span><b>Uniunea Camerelor de Comer\u021b Bilaterale din Rom\u00e2nia \u00een India<\/b><span style=\"font-weight: 400;\"> organiza\u021bie condus\u0103 de dna. Shieva Munjal (Pre\u0219edinte), desf\u0103\u0219urat \u00een perioada 3\u20134 iunie la prestigiosul Pullman Aerocity Hotel din New Delhi, India. Acest summit strategic reprezint\u0103 o etap\u0103 esen\u021bial\u0103 \u00een consolidarea rela\u021biilor economice dintre Rom\u00e2nia \u0219i India, reunind lideri de afaceri, oficiali guvernamentali, investitori \u0219i inovatori din ambele \u021b\u0103ri.<\/span><\/p><p><b>Uniunea Camerelor de Comer\u021b Bilaterale din Rom\u00e2nia \u00een India (UCCBR India)<\/b><span style=\"font-weight: 400;\">\u00a0 este una dintre primele reprezentan\u021be externe deschise de UCCBR \u00een afara \u021b\u0103rii. \u00centr-un context global marcat de nevoia de parteneriate sustenabile \u0219i deschidere spre noi pie\u021be, summitul a oferit un cadru exclusiv pentru networking, dialog \u0219i ini\u021bierea unor colabor\u0103ri concrete.<\/span><\/p><p><span style=\"font-weight: 400;\">Printre brandurile de renume prezente la summit s-au num\u0103rat: <\/span><i><span style=\"font-weight: 400;\">Casa Timi\u0219, Coca-Cola, Sergiana \u2013 Poiana M\u0103rului, Cothari, Paviresin, Mirdatod, SLMG Beverages, Cris-Tim Dairy, Boromir, VMDW, Speed Overseas Manpower Pvt. Ltd, Agora \u0219i Neophron SRL.<\/span><\/i><span style=\"font-weight: 400;\"> Aceast\u0103 participare a demonstrat interesul bilateral pentru investi\u021bii comune, dezvoltarea unor lan\u021buri de aprovizionare integrate \u0219i transfer de inova\u021bie.<\/span><\/p><p><b>Summitul a oferit:<\/b><\/p><ul><li><span style=\"font-weight: 400;\"> \u00a0 \u00a0 <\/span><i><span style=\"font-weight: 400;\">Sesiuni B2B direc\u021bionate<\/span><\/i><\/li><li><span style=\"font-weight: 400;\"> \u00a0 \u00a0 <\/span><i><span style=\"font-weight: 400;\">Prezent\u0103ri tematice despre exporturi, sustenabilitate \u0219i tehnologii emergente<\/span><\/i><i><span style=\"font-weight: 400;\"><br \/><\/span><\/i><\/li><li><span style=\"font-weight: 400;\"> \u00a0 \u00a0 <\/span><i><span style=\"font-weight: 400;\">Mese rotunde cu participarea autorit\u0103\u021bilor \u0219i a marilor juc\u0103tori din industrie<\/span><\/i><i><span style=\"font-weight: 400;\"><br \/><\/span><\/i><\/li><li><span style=\"font-weight: 400;\"> \u00a0 \u00a0 <\/span><i><span style=\"font-weight: 400;\">O cin\u0103 de gal\u0103 exclusivist\u0103, dedicat\u0103 dialogului la nivel \u00eenalt<\/span><\/i><i><span style=\"font-weight: 400;\"><br \/><\/span><\/i><\/li><\/ul><p><span style=\"font-weight: 400;\">\u00cen cadrul summitului a avut loc \u0219i prima edi\u021bie a <\/span><b>UCCBR &amp; BW Business World Excellence Awards<\/b><span style=\"font-weight: 400;\">, un moment de recunoa\u0219tere a excelen\u021bei \u00een afaceri bilaterale. Aceste distinc\u021bii au fost acordate companiilor \u0219i liderilor care s-au remarcat \u00een promovarea schimburilor comerciale \u0219i a parteneriatelor strategice \u00eentre Rom\u00e2nia \u0219i India.<\/span><\/p><p><span style=\"font-weight: 400;\">UCCBR \u00ee\u0219i reafirm\u0103 angajamentul fa\u021b\u0103 de interna\u021bionalizarea mediului de afaceri rom\u00e2nesc, anun\u021b\u00e2nd oficial <\/span><b>deschiderea de reprezentan\u021be \u00een fiecare \u021bar\u0103 partener\u0103<\/b><span style=\"font-weight: 400;\">, urm\u00e2nd modelul de succes implementat prin <\/span><b>UCCBR India<\/b><span style=\"font-weight: 400;\">. Scopul este de a facilita accesul companiilor rom\u00e2ne\u0219ti la pie\u021bele externe \u0219i de a atrage investi\u021bii strategice c\u0103tre Rom\u00e2nia, construind pun\u021bi economice solide \u0219i sustenabile.<\/span><\/p><p><b>Despre UCCBR:<\/b><\/p><p><span style=\"font-weight: 400;\">Uniunea Camerelor de Comer\u021b Bilaterale din Rom\u00e2nia este o organiza\u021bie de referin\u021b\u0103 dedicat\u0103 promov\u0103rii rela\u021biilor economice interna\u021bionale \u0219i dezvolt\u0103rii parteneriatelor strategice \u00eentre Rom\u00e2nia \u0219i comunitatea global\u0103 de afaceri. Prin reprezentan\u021bele sale externe \u0219i proiectele derulate, UCCBR sus\u021bine un ecosistem economic competitiv, conectat \u0219i orientat spre viitor.\u00a0<\/span><\/p>\t\t\t\t\t\t<\/div>\n\t\t\t\t<\/div>\n\t\t\t\t\t<\/div>\n\t\t<\/div>\n\t\t\t\t\t\t\t<\/div>\n\t\t<\/section>\n\t\t\t\t\t\t\t<\/div>\n\t\t","protected":false},"excerpt":{"rendered":"<p>Comunicat de pres\u0103 Bucure\u0219ti, 5 iunie 2025 &#8211; Uniunea Camerelor de Comer\u021b Bilaterale din Rom\u00e2nia (UCCBR) transmite felicit\u0103ri pentru organizarea evenimentului INRO Business Summit 2025, de c\u0103tre Uniunea Camerelor de Comer\u021b Bilaterale din Rom\u00e2nia \u00een India organiza\u021bie condus\u0103 de dna. Shieva Munjal (Pre\u0219edinte), desf\u0103\u0219urat \u00een perioada 3\u20134 iunie la prestigiosul Pullman Aerocity Hotel din New&hellip; <br \/> <a class=\"read-more\" href=\"https:\/\/uccbr.com\/?page_id=830\">Read more<\/a><\/p>\n","protected":false},"author":1,"featured_media":0,"parent":0,"menu_order":0,"comment_status":"closed","ping_status":"closed","template":"","meta":{"footnotes":""},"class_list":["post-830","page","type-page","status-publish","hentry"],"_links":{"self":[{"href":"https:\/\/uccbr.com\/index.php?rest_route=\/wp\/v2\/pages\/830","targetHints":{"allow":["GET"]}}],"collection":[{"href":"https:\/\/uccbr.com\/index.php?rest_route=\/wp\/v2\/pages"}],"about":[{"href":"https:\/\/uccbr.com\/index.php?rest_route=\/wp\/v2\/types\/page"}],"author":[{"embeddable":true,"href":"https:\/\/uccbr.com\/index.php?rest_route=\/wp\/v2\/users\/1"}],"replies":[{"embeddable":true,"href":"https:\/\/uccbr.com\/index.php?rest_route=%2Fwp%2Fv2%2Fcomments&post=830"}],"version-history":[{"count":7,"href":"https:\/\/uccbr.com\/index.php?rest_route=\/wp\/v2\/pages\/830\/revisions"}],"predecessor-version":[{"id":854,"href":"https:\/\/uccbr.com\/index.php?rest_route=\/wp\/v2\/pages\/830\/revisions\/854"}],"wp:attachment":[{"href":"https:\/\/uccbr.com\/index.php?rest_route=%2Fwp%2Fv2%2Fmedia&parent=830"}],"curies":[{"name":"wp","href":"https:\/\/api.w.org\/{rel}","templated":true}]}}