{"id":74,"date":"2023-06-20T15:32:25","date_gmt":"2023-06-20T15:32:25","guid":{"rendered":"http:\/\/uccbr.com\/?page_id=74"},"modified":"2025-11-26T15:34:08","modified_gmt":"2025-11-26T15:34:08","slug":"parteneri","status":"publish","type":"page","link":"https:\/\/uccbr.com\/?page_id=74","title":{"rendered":"PARTENERI"},"content":{"rendered":"<style>\/*! elementor - v3.14.0 - 18-06-2023 *\/\n.elementor-heading-title{padding:0;margin:0;line-height:1}.elementor-widget-heading .elementor-heading-title[class*=elementor-size-]>a{color:inherit;font-size:inherit;line-height:inherit}.elementor-widget-heading .elementor-heading-title.elementor-size-small{font-size:15px}.elementor-widget-heading .elementor-heading-title.elementor-size-medium{font-size:19px}.elementor-widget-heading .elementor-heading-title.elementor-size-large{font-size:29px}.elementor-widget-heading .elementor-heading-title.elementor-size-xl{font-size:39px}.elementor-widget-heading .elementor-heading-title.elementor-size-xxl{font-size:59px}<\/style>\n<h2>Surgical Training Institute (STI)<\/h2>\n<style>\/*! elementor - v3.14.0 - 18-06-2023 *\/\n.elementor-widget-image{text-align:center}.elementor-widget-image a{display:inline-block}.elementor-widget-image a img[src$=\".svg\"]{width:48px}.elementor-widget-image img{vertical-align:middle;display:inline-block}<\/style>\n<p>\t\t\t\t\t\t\t\t\t\t\t\t\t<a href=\"https:\/\/www.surgicaltraininginstitute.com\/about\"><br \/>\n\t\t\t\t\t\t\t<img decoding=\"async\" width=\"213\" height=\"100\" src=\"https:\/\/uccbr.com\/wp-content\/uploads\/2025\/11\/sti_logo.png\" alt=\"\" loading=\"lazy\" \/>\t\t\t\t\t\t\t\t<\/a><\/p>\n<p>Bazele Institutului de Training Chirurgical (Surgical Training Institute \u2013 STI) au fost puse \u00een urm\u0103 cu peste 18 ani de profesorul dr. Corneliu Dragomirescu, al\u0103turi de echipa sa t\u00e2n\u0103r\u0103 \u0219i entuziast\u0103. Printre cei mai implica\u021bi membri fondatori s-au num\u0103rat dr. C\u0103t\u0103lin Copaescu \u0219i dr. Florin Turcu. \u00cemp\u0103rt\u0103\u0219ind aceea\u0219i viziune, ace\u0219tia au fost anima\u021bi de dorin\u021ba sincer\u0103 de a transmite cuno\u0219tin\u021bele lor, de a men\u021bine comunitatea medical\u0103 informat\u00e3 \u0219i de a forma speciali\u0219ti \u00een cele mai moderne tehnici de chirurgie laparoscopic\u0103.<\/p>\n<p>\t\t\t<a href=\"https:\/\/www.surgicaltraininginstitute.com\/about\"><br \/>\n\t\t\t\t\t\tAfl\u0103 mai multe<br \/>\n\t\t\t\t\t<\/a><\/p>\n<h2>Ramada North<\/h2>\n<p>\t\t\t\t\t\t\t\t\t\t\t\t\t\t\t\t<a href=\"https:\/\/www.ramadanorth.ro\/\"><br \/>\n\t\t\t\t\t\t\t<img decoding=\"async\" width=\"304\" height=\"94\" src=\"https:\/\/uccbr.com\/wp-content\/uploads\/2025\/11\/logo.png\" alt=\"\" loading=\"lazy\" srcset=\"https:\/\/uccbr.com\/wp-content\/uploads\/2025\/11\/logo.png 304w, https:\/\/uccbr.com\/wp-content\/uploads\/2025\/11\/logo-300x93.png 300w\" sizes=\"auto, (max-width: 304px) 100vw, 304px\" \/>\t\t\t\t\t\t\t\t<\/a><\/p>\n<p>Ramada North\u00a0este un hotel de 4 stele situat \u00een nordul Bucure\u0219tiului, ideal at\u00e2t pentru c\u0103l\u0103torii de afaceri, c\u00e2t \u0219i pentru familii. Ofer\u0103 facilit\u0103\u021bi precum piscine, spa, sal\u0103 de fitness, restaurant interna\u021bional, parcare gratuit\u0103, acces Wi-Fi gratuit \u0219i s\u0103li de conferin\u021b\u0103 moderne.\u00a0<\/p>\n<p>\t\t\t<a href=\"https:\/\/www.ramadanorth.ro\/\"><br \/>\n\t\t\t\t\t\tAfl\u0103 mai multe<br \/>\n\t\t\t\t\t<\/a><\/p>\n<h2>Fit4you<\/h2>\n<p>\t\t\t\t\t\t\t\t\t\t\t\t\t\t\t\t<a href=\"https:\/\/www.fit4you.ro\/fit4you-leclub\"><br \/>\n\t\t\t\t\t\t\t<img decoding=\"async\" width=\"150\" height=\"150\" src=\"https:\/\/uccbr.com\/wp-content\/uploads\/2025\/11\/no_product_image-150x150.png\" alt=\"\" loading=\"lazy\" \/>\t\t\t\t\t\t\t\t<\/a><\/p>\n<p><strong data-start=\"305\" data-end=\"324\">Fit4You Le Club<\/strong> este spa\u021biul \u00een care performan\u021ba, energia \u0219i stilul de via\u021b\u0103 s\u0103n\u0103tos devin parte din rutina ta zilnic\u0103. Conceput ca un club premium de fitness \u0219i wellness, Fit4You Le Club \u00eembin\u0103 echipamente moderne, antrenamente eficiente \u0219i atmosfer\u0103 exclusiv\u0103, pentru ca fiecare sesiune de antrenament s\u0103 fie o experien\u021b\u0103 \u00een sine.<\/p>\n<p>\t\t\t<a href=\"https:\/\/www.fit4you.ro\/fit4you-leclub\"><br \/>\n\t\t\t\t\t\tAfl\u0103 mai multe<br \/>\n\t\t\t\t\t<\/a><\/p>\n<h2>Zexe Aviatorilor<\/h2>\n<p>\t\t\t\t\t\t\t\t\t\t\t\t\t\t\t\t<a href=\"https:\/\/zexe.ro\/\"><br \/>\n\t\t\t\t\t\t\t<img decoding=\"async\" width=\"300\" height=\"108\" src=\"https:\/\/uccbr.com\/wp-content\/uploads\/2025\/11\/logo-or-1024x369-1-300x108.png\" alt=\"\" loading=\"lazy\" srcset=\"https:\/\/uccbr.com\/wp-content\/uploads\/2025\/11\/logo-or-1024x369-1-300x108.png 300w, https:\/\/uccbr.com\/wp-content\/uploads\/2025\/11\/logo-or-1024x369-1-768x277.png 768w, https:\/\/uccbr.com\/wp-content\/uploads\/2025\/11\/logo-or-1024x369-1.png 1024w\" sizes=\"auto, (max-width: 300px) 100vw, 300px\" \/>\t\t\t\t\t\t\t\t<\/a><\/p>\n<p>\u00centr-o lume unde trecutul \u0219i prezentul se \u00eempletesc magic, Zexe st\u0103 ca o poart\u0103 deschis\u0103 c\u0103tre o Rom\u00e2nie Gastronomic\u0103 posibil\u0103, un loc unde tradi\u021biile culinare rom\u00e2ne\u0219ti sunt nu doar p\u0103strate, ci \u0219i \u00eembog\u0103\u021bite cu fiecare farfurie servit\u0103. Inspirat de Zamolxis, zeul dacilor, \u0219i de Bucure\u0219tiul interbelic, Zexe este o invita\u021bie de a te al\u0103tura cercului de ini\u021bia\u021bi \u00eentr-un exerci\u021biu de imagina\u021bie transpus \u00een realitate, un efort colectiv de a repune gastronomia rom\u00e2neasc\u0103 pe harta valorilor europene.<\/p>\n<p>\t\t\t<a href=\"https:\/\/zexe.ro\/\"><br \/>\n\t\t\t\t\t\tAfl\u0103 mai multe<br \/>\n\t\t\t\t\t<\/a><\/p>\n","protected":false},"excerpt":{"rendered":"<p>Surgical Training Institute (STI) Bazele Institutului de Training Chirurgical (Surgical Training Institute \u2013 STI) au fost puse \u00een urm\u0103 cu peste 18 ani de profesorul dr. Corneliu Dragomirescu, al\u0103turi de echipa sa t\u00e2n\u0103r\u0103 \u0219i entuziast\u0103. Printre cei mai implica\u021bi membri fondatori s-au num\u0103rat dr. C\u0103t\u0103lin Copaescu \u0219i dr. Florin Turcu. \u00cemp\u0103rt\u0103\u0219ind aceea\u0219i viziune, ace\u0219tia au&hellip; <br \/> <a class=\"read-more\" href=\"https:\/\/uccbr.com\/?page_id=74\">Read more<\/a><\/p>\n","protected":false},"author":1,"featured_media":0,"parent":0,"menu_order":0,"comment_status":"closed","ping_status":"closed","template":"","meta":{"footnotes":""},"class_list":["post-74","page","type-page","status-publish","hentry"],"_links":{"self":[{"href":"https:\/\/uccbr.com\/index.php?rest_route=\/wp\/v2\/pages\/74","targetHints":{"allow":["GET"]}}],"collection":[{"href":"https:\/\/uccbr.com\/index.php?rest_route=\/wp\/v2\/pages"}],"about":[{"href":"https:\/\/uccbr.com\/index.php?rest_route=\/wp\/v2\/types\/page"}],"author":[{"embeddable":true,"href":"https:\/\/uccbr.com\/index.php?rest_route=\/wp\/v2\/users\/1"}],"replies":[{"embeddable":true,"href":"https:\/\/uccbr.com\/index.php?rest_route=%2Fwp%2Fv2%2Fcomments&post=74"}],"version-history":[{"count":28,"href":"https:\/\/uccbr.com\/index.php?rest_route=\/wp\/v2\/pages\/74\/revisions"}],"predecessor-version":[{"id":1010,"href":"https:\/\/uccbr.com\/index.php?rest_route=\/wp\/v2\/pages\/74\/revisions\/1010"}],"wp:attachment":[{"href":"https:\/\/uccbr.com\/index.php?rest_route=%2Fwp%2Fv2%2Fmedia&parent=74"}],"curies":[{"name":"wp","href":"https:\/\/api.w.org\/{rel}","templated":true}]}}