{"id":35,"date":"2023-06-20T15:28:43","date_gmt":"2023-06-20T15:28:43","guid":{"rendered":"http:\/\/uccbr.com\/?page_id=35"},"modified":"2025-09-09T13:15:43","modified_gmt":"2025-09-09T13:15:43","slug":"despre-uccbr","status":"publish","type":"page","link":"https:\/\/uccbr.com\/?page_id=35","title":{"rendered":"Despre UCCBR"},"content":{"rendered":"\t\t<div data-elementor-type=\"wp-page\" data-elementor-id=\"35\" class=\"elementor elementor-35\">\n\t\t\t\t\t\t\t\t\t<section class=\"elementor-section elementor-top-section elementor-element elementor-element-8060d1e elementor-section-boxed elementor-section-height-default elementor-section-height-default\" data-id=\"8060d1e\" data-element_type=\"section\">\n\t\t\t\t\t\t<div class=\"elementor-container elementor-column-gap-default\">\n\t\t\t\t\t<div class=\"elementor-column elementor-col-100 elementor-top-column elementor-element elementor-element-39484cd\" data-id=\"39484cd\" data-element_type=\"column\">\n\t\t\t<div class=\"elementor-widget-wrap elementor-element-populated\">\n\t\t\t\t\t\t\t\t<div class=\"elementor-element elementor-element-50d4101 elementor-widget elementor-widget-text-editor\" data-id=\"50d4101\" data-element_type=\"widget\" data-widget_type=\"text-editor.default\">\n\t\t\t\t<div class=\"elementor-widget-container\">\n\t\t\t<style>\/*! elementor - v3.14.0 - 18-06-2023 *\/\n.elementor-widget-text-editor.elementor-drop-cap-view-stacked .elementor-drop-cap{background-color:#69727d;color:#fff}.elementor-widget-text-editor.elementor-drop-cap-view-framed .elementor-drop-cap{color:#69727d;border:3px solid;background-color:transparent}.elementor-widget-text-editor:not(.elementor-drop-cap-view-default) .elementor-drop-cap{margin-top:8px}.elementor-widget-text-editor:not(.elementor-drop-cap-view-default) .elementor-drop-cap-letter{width:1em;height:1em}.elementor-widget-text-editor .elementor-drop-cap{float:left;text-align:center;line-height:1;font-size:50px}.elementor-widget-text-editor .elementor-drop-cap-letter{display:inline-block}<\/style>\t\t\t\t<p><strong>UNIUNEA CAMERELOR DE COMER\u0162 BILATERALE DIN ROM\u00c2NIA (UCCBR)&nbsp;<\/strong>a fost \u00eenfiin\u0163at\u0103 \u00een anul 1995, ca rezultat al hot\u0103r\u00e2rii Camerelor de Comer\u0163&nbsp; Bilaterale din Rom\u00e2nia de a-\u015fi uni eforturile pentru a contribui \u00een mod substan\u0163ial la dezvoltarea cooper\u0103rii economice interna\u0163ionale dintre Rom\u00e2nia \u015fi \u0163\u0103rile partenere reprezentate de aceste camere.&nbsp;<\/p>\n<p><strong>UCCBR<\/strong>&nbsp;este persoan\u0103 juridic\u0103 de sine st\u0103t\u0103toare,&nbsp; f\u0103r\u0103 caracter politic \u015fi f\u0103r\u0103 scop patrimonial. Participarea ca membru al&nbsp;<strong>UCCBR<\/strong>&nbsp;este deschis\u0103 tuturor camerelor bilaterale, persoane juridice din Rom\u00e2nia sau din alte \u0163\u0103ri, care activeaz\u0103 pe teritoriul Rom\u00e2niei, care ader\u0103 \u015fi recunosc statutul acesteia \u015fi care consider\u0103 c\u0103 prin activitatea lor pot contribui la dezvoltarea Comer\u0163ului Exterior.<\/p>\n<p>\u00cen afara camerelor de comer\u0163 bilaterale,<strong>&nbsp;UCCBR<\/strong>&nbsp;a dezvoltat institu\u0163ia Reprezentan\u021bei Comerciale Permanente, \u00een baza Parteneriatului Public-Privat cu Ministerul Economiei (Reprezentan\u021be Externe). Re\u0163eaua acestor misiuni constituie un real suport pentru Comer\u0163ul Exterior al Rom\u00e2niei. Astfel, Reprezentan\u0163ele Externe ale UCCBR desf\u0103\u015foar\u0103 o activitate complementar\u0103 cu cea a Consilierilor Economici care activeaz\u0103 \u00een cadrul Ministerului Economiei.&nbsp;<\/p>\n<p>Uniunea are rolul de a coordona \u015fi sprijini activit\u0103\u0163ile Camerelor Bilaterale membre \u015fi a Reprezentan\u0163elor Externe, \u00een vederea promov\u0103rii unui Comer\u0163 Exterior bazat pe transformarea Cunoa\u015fterii \u00een Bun Na\u0163ional.<\/p>\t\t\t\t\t\t<\/div>\n\t\t\t\t<\/div>\n\t\t\t\t\t<\/div>\n\t\t<\/div>\n\t\t\t\t\t\t\t<\/div>\n\t\t<\/section>\n\t\t\t\t<section class=\"elementor-section elementor-top-section elementor-element elementor-element-3e873e9 elementor-section-boxed elementor-section-height-default elementor-section-height-default\" data-id=\"3e873e9\" data-element_type=\"section\">\n\t\t\t\t\t\t<div class=\"elementor-container elementor-column-gap-default\">\n\t\t\t\t\t<div class=\"elementor-column elementor-col-100 elementor-top-column elementor-element elementor-element-f0c638d\" data-id=\"f0c638d\" data-element_type=\"column\">\n\t\t\t<div class=\"elementor-widget-wrap elementor-element-populated\">\n\t\t\t\t\t\t\t\t<section class=\"elementor-section elementor-inner-section elementor-element elementor-element-6b9b969 elementor-section-boxed elementor-section-height-default elementor-section-height-default\" data-id=\"6b9b969\" data-element_type=\"section\">\n\t\t\t\t\t\t<div class=\"elementor-container elementor-column-gap-default\">\n\t\t\t\t\t<div class=\"elementor-column elementor-col-50 elementor-inner-column elementor-element elementor-element-991aee4\" data-id=\"991aee4\" data-element_type=\"column\">\n\t\t\t<div class=\"elementor-widget-wrap elementor-element-populated\">\n\t\t\t\t\t\t\t\t<div class=\"elementor-element elementor-element-b4c5b4f elementor-widget elementor-widget-image\" data-id=\"b4c5b4f\" data-element_type=\"widget\" data-widget_type=\"image.default\">\n\t\t\t\t<div class=\"elementor-widget-container\">\n\t\t\t<style>\/*! elementor - v3.14.0 - 18-06-2023 *\/\n.elementor-widget-image{text-align:center}.elementor-widget-image a{display:inline-block}.elementor-widget-image a img[src$=\".svg\"]{width:48px}.elementor-widget-image img{vertical-align:middle;display:inline-block}<\/style>\t\t\t\t\t\t\t\t\t\t\t\t<img loading=\"lazy\" decoding=\"async\" width=\"300\" height=\"300\" src=\"https:\/\/uccbr.com\/wp-content\/uploads\/2025\/08\/unnamed-300x300.jpg\" class=\"attachment-medium size-medium wp-image-935\" alt=\"\" srcset=\"https:\/\/uccbr.com\/wp-content\/uploads\/2025\/08\/unnamed-300x300.jpg 300w, https:\/\/uccbr.com\/wp-content\/uploads\/2025\/08\/unnamed-150x150.jpg 150w, https:\/\/uccbr.com\/wp-content\/uploads\/2025\/08\/unnamed.jpg 512w\" sizes=\"auto, (max-width: 300px) 100vw, 300px\" \/>\t\t\t\t\t\t\t\t\t\t\t\t\t\t\t<\/div>\n\t\t\t\t<\/div>\n\t\t\t\t\t<\/div>\n\t\t<\/div>\n\t\t\t\t<div class=\"elementor-column elementor-col-50 elementor-inner-column elementor-element elementor-element-6c76023\" data-id=\"6c76023\" data-element_type=\"column\">\n\t\t\t<div class=\"elementor-widget-wrap elementor-element-populated\">\n\t\t\t\t\t\t\t\t<div class=\"elementor-element elementor-element-3236448 elementor-widget elementor-widget-text-editor\" data-id=\"3236448\" data-element_type=\"widget\" data-widget_type=\"text-editor.default\">\n\t\t\t\t<div class=\"elementor-widget-container\">\n\t\t\t\t\t\t\t<p>\u00a0<\/p><p>\u00a0<\/p><p>\u00a0<\/p><p>\u00a0<\/p><p>\u00a0<\/p><p>Jose Iacobescu (1932 &#8211; 2025)<\/p><p>Pre\u0219edinte fondator al Uniunii Camerelor de Comer\u021b Bilaterale din Romania\u00a0<\/p>\t\t\t\t\t\t<\/div>\n\t\t\t\t<\/div>\n\t\t\t\t\t<\/div>\n\t\t<\/div>\n\t\t\t\t\t\t\t<\/div>\n\t\t<\/section>\n\t\t\t\t\t<\/div>\n\t\t<\/div>\n\t\t\t\t\t\t\t<\/div>\n\t\t<\/section>\n\t\t\t\t\t\t\t<\/div>\n\t\t","protected":false},"excerpt":{"rendered":"<p>UNIUNEA CAMERELOR DE COMER\u0162 BILATERALE DIN ROM\u00c2NIA (UCCBR)&nbsp;a fost \u00eenfiin\u0163at\u0103 \u00een anul 1995, ca rezultat al hot\u0103r\u00e2rii Camerelor de Comer\u0163&nbsp; Bilaterale din Rom\u00e2nia de a-\u015fi uni eforturile pentru a contribui \u00een mod substan\u0163ial la dezvoltarea cooper\u0103rii economice interna\u0163ionale dintre Rom\u00e2nia \u015fi \u0163\u0103rile partenere reprezentate de aceste camere.&nbsp; UCCBR&nbsp;este persoan\u0103 juridic\u0103 de sine st\u0103t\u0103toare,&nbsp; f\u0103r\u0103 caracter&hellip; <br \/> <a class=\"read-more\" href=\"https:\/\/uccbr.com\/?page_id=35\">Read more<\/a><\/p>\n","protected":false},"author":1,"featured_media":0,"parent":0,"menu_order":0,"comment_status":"closed","ping_status":"closed","template":"","meta":{"footnotes":""},"class_list":["post-35","page","type-page","status-publish","hentry"],"_links":{"self":[{"href":"https:\/\/uccbr.com\/index.php?rest_route=\/wp\/v2\/pages\/35","targetHints":{"allow":["GET"]}}],"collection":[{"href":"https:\/\/uccbr.com\/index.php?rest_route=\/wp\/v2\/pages"}],"about":[{"href":"https:\/\/uccbr.com\/index.php?rest_route=\/wp\/v2\/types\/page"}],"author":[{"embeddable":true,"href":"https:\/\/uccbr.com\/index.php?rest_route=\/wp\/v2\/users\/1"}],"replies":[{"embeddable":true,"href":"https:\/\/uccbr.com\/index.php?rest_route=%2Fwp%2Fv2%2Fcomments&post=35"}],"version-history":[{"count":17,"href":"https:\/\/uccbr.com\/index.php?rest_route=\/wp\/v2\/pages\/35\/revisions"}],"predecessor-version":[{"id":956,"href":"https:\/\/uccbr.com\/index.php?rest_route=\/wp\/v2\/pages\/35\/revisions\/956"}],"wp:attachment":[{"href":"https:\/\/uccbr.com\/index.php?rest_route=%2Fwp%2Fv2%2Fmedia&parent=35"}],"curies":[{"name":"wp","href":"https:\/\/api.w.org\/{rel}","templated":true}]}}